{"id":276,"date":"2025-02-17T12:07:34","date_gmt":"2025-02-17T11:07:34","guid":{"rendered":"https:\/\/www.intex-paketdienst.de\/websitewp\/optisend24\/?page_id=276"},"modified":"2026-02-18T09:25:04","modified_gmt":"2026-02-18T08:25:04","slug":"ueber-uns","status":"publish","type":"page","link":"https:\/\/www.optisend24.de\/websitewp\/optisend24\/ueber-uns\/","title":{"rendered":"\u00dcber Uns"},"content":{"rendered":"<div class=\"wpb-content-wrapper\">[vc_row full_width=&#8220;stretch_row&#8220; css=&#8220;.vc_custom_1737987052637{background-color: #072F40 !important;background-position: center !important;background-repeat: no-repeat !important;background-size: cover !important;}&#8220; wpex_bg_position=&#8220;center top&#8220; el_class=&#8220;bg-fallback&#8220;][vc_column][\/vc_column][\/vc_row][vc_row css_animation=&#8220;none&#8220; full_width=&#8220;stretch_row&#8220; video_bg_center=&#8220;true&#8220; css=&#8220;.vc_custom_1742309294109{background: #072F40 url(https:\/\/www.optisend24.de\/websitewp\/optisend24\/wp-content\/uploads\/sites\/2\/2025\/03\/Biathlet_2_Intro-scaled.jpg?id=417) !important;}&#8220; el_class=&#8220;hero-top-row&#8220; video_bg=&#8220;self_hosted&#8220; wpex_bg_overlay=&#8220;custom&#8220; wpex_bg_overlay_blend=&#8220;multiply&#8220; wpex_bg_overlay_opacity=&#8220;90&#8243; wpex_bg_overlay_image=&#8220;369&#8243;][vc_column][vc_row_inner][vc_column_inner]\t<style>.vcex_69f3f0dd55690{height:80px;}@media (max-width:1024px){.vcex_69f3f0dd55690{height:60px;}}@media (max-width:959px){.vcex_69f3f0dd55690{height:40px;}}@media (max-width:767px){.vcex_69f3f0dd55690{height:0px;}}@media (max-width:479px){.vcex_69f3f0dd55690{height:0px;}}<\/style>\n<div class=\"vcex-spacing wpex-w-100 wpex-clear vcex_69f3f0dd55690\"><\/div>[vc_column_text css=&#8220;&#8220;]\n<h1>optisend24.de &#8211; mit Pr\u00e4zision an Ihrer Seite<\/h1>\n[\/vc_column_text][vc_column_text css=&#8220;.vc_custom_1742304760433{padding-top: 20px !important;}&#8220;]\n<h2>Zielgerichtet und fokussiert.<\/h2>\n[\/vc_column_text][\/vc_column_inner][\/vc_row_inner][\/vc_column][\/vc_row][vc_row css_animation=&#8220;none&#8220; full_width=&#8220;stretch_row&#8220; remove_bottom_col_margin=&#8220;true&#8220; css=&#8220;.vc_custom_1740658357398{background-image: url(https:\/\/www.optisend24.de\/websitewp\/optisend24\/wp-content\/uploads\/sites\/2\/2025\/02\/Optisend_Hero-iconBlock.svg?id=300) !important;background-position: center !important;background-repeat: no-repeat !important;background-size: cover !important;}&#8220; wpex_bg_position=&#8220;center top&#8220; el_class=&#8220;hero-bottom-row-sub&#8220;][vc_column][vc_row_inner css=&#8220;.vc_custom_1737977347312{background-color: #CC00AA00 !important;}&#8220;][vc_column_inner width=&#8220;1\/6&#8243;][\/vc_column_inner][vc_column_inner el_class=&#8220;hero-bottom-text-sub&#8220; width=&#8220;2\/3&#8243;][vc_column_text css=&#8220;&#8220;]\n<h2 style=\"text-align: center;\">optisend24.de \u2013 Ihr Spezialist f\u00fcr Express- und Spezialversand.<\/h2>\n[\/vc_column_text]<div class=\"vcex-spacing wpex-w-100 wpex-clear\" style=\"height:20px;\"><\/div>[vc_column_text css=&#8220;&#8220; el_class=&#8220;highlight-text-sm&#8220;]\n<p style=\"text-align: center;\">Sichere L\u00f6sungen f\u00fcr besondere Anforderungen im Versand.<\/p>\n[\/vc_column_text][\/vc_column_inner][vc_column_inner width=&#8220;1\/6&#8243;][\/vc_column_inner][\/vc_row_inner]<div class=\"vcex-spacing wpex-w-100 wpex-clear in-op-space-sm\"><\/div>[\/vc_column][\/vc_row][vc_row full_width=&#8220;stretch_row&#8220; remove_bottom_col_margin=&#8220;true&#8220; wpex_bg_color=&#8220;#86826d&#8220; el_class=&#8220;hero-follow-bg-sub&#8220;][vc_column]\t<style>.vcex_69f3f0dd558b7{height:30px;}@media (max-width:1024px){.vcex_69f3f0dd558b7{height:20px;}}<\/style>\n<div class=\"vcex-spacing wpex-w-100 wpex-clear vcex_69f3f0dd558b7\"><\/div>[\/vc_column][\/vc_row][vc_row remove_bottom_col_margin=&#8220;true&#8220; el_class=&#8220;sub-below-hero&#8220;][vc_column]<div class=\"vcex-spacing wpex-w-100 wpex-clear in-op-space-lg\"><\/div>[vc_row_inner][vc_column_inner width=&#8220;1\/12&#8243; offset=&#8220;vc_col-lg-2&#8243;][\/vc_column_inner][vc_column_inner width=&#8220;5\/6&#8243; offset=&#8220;vc_col-lg-8&#8243;][vc_column_text css=&#8220;&#8220; el_class=&#8220;highlight-text-lg&#8220;]\n<p style=\"text-align: center;\">Willkommen bei optisend24.de, Ihrem zuverl\u00e4ssigen Partner f\u00fcr besondere Anforderungen und ma\u00dfgeschneiderte L\u00f6sungen im Versand.<br \/>\nUnser Fokus liegt auf dem Express- und Spezialversand f\u00fcr Produkte, die spezielle Auflagen erfordern, wie beim Transport von Jagd- und Sportgewehren oder Munition. Auch ein versicherter Versand ist m\u00f6glich.<\/p>\n[\/vc_column_text][\/vc_column_inner][vc_column_inner width=&#8220;1\/12&#8243; offset=&#8220;vc_col-lg-2&#8243;][\/vc_column_inner][\/vc_row_inner]<div class=\"vcex-spacing wpex-w-100 wpex-clear in-op-space-lg\"><\/div>[\/vc_column][\/vc_row][vc_row remove_bottom_col_margin=&#8220;true&#8220;][vc_column][vc_row_inner equal_height=&#8220;yes&#8220; remove_bottom_col_margin=&#8220;true&#8220;][vc_column_inner el_class=&#8220;core-values milestones text&#8220; width=&#8220;1\/3&#8243;][vc_column_text css=&#8220;.vc_custom_1742568099714{padding-top: 8px !important;}&#8220;]\n<h3>Professioneller Service<\/h3>\n[\/vc_column_text]<div class=\"vcex-spacing wpex-w-100 wpex-clear\" style=\"height:20px;\"><\/div>[vc_column_text css=&#8220;&#8220;]Wir bieten Ihnen nicht nur eine zuverl\u00e4ssige Abwicklung, sondern auch attraktive Sonderkonditionen f\u00fcr den Waffen- und Munitionsversand (1.4S) f\u00fcr Gewerbekunden an.<\/p>\n<p>optisend24.de baut auf die langj\u00e4hrige Er\u00adfah\u00adrung des Schwesterunter\u00adneh\u00admens <a href=\"https:\/\/www.intex-paketdienst.de\/\" target=\"_blank\" rel=\"noopener\">Intex Paketdienst GmbH<\/a> auf, das zu den Marktf\u00fchrern im Valoren\u00adversand z\u00e4hlt.[\/vc_column_text]<div class=\"vcex-spacing wpex-w-100 wpex-clear visible-phone in-op-space-sm\"><\/div>[\/vc_column_inner][vc_column_inner el_class=&#8220;core-values milestones&#8220; width=&#8220;2\/3&#8243;]\n<table id=\"tablepress-1\" class=\"tablepress tablepress-id-1\">\n<tbody>\n<tr class=\"row-1\">\n\t<td class=\"column-1\"><\/td><td class=\"column-2\"><h3>Meilensteine in der Unternehmensgeschichte<\/h3><\/td>\n<\/tr>\n<tr class=\"row-2\">\n\t<td class=\"column-1\">2013<\/td><td class=\"column-2\">Gr\u00fcndung der optisend24 GmbH in Malborn als nationaler und internationaler Paketdienst (ohne Valoren der Klasse I + II).<\/td>\n<\/tr>\n<tr class=\"row-3\">\n\t<td class=\"column-1\">2014<\/td><td class=\"column-2\">\u00dcbernahme des internationalen Versands f\u00fcr Gro\u00dfkunden.<\/td>\n<\/tr>\n<tr class=\"row-4\">\n\t<td class=\"column-1\">2015<\/td><td class=\"column-2\">Kooperation mit der INTEX Paketdienst GmbH f\u00fcr den Versand von Nicht-Wertsendungen.<\/td>\n<\/tr>\n<tr class=\"row-5\">\n\t<td class=\"column-1\">2016<\/td><td class=\"column-2\">Start der Website <a href=\"https:\/\/www.optisend24.de\/\" target=\"_blank\">www.optisend24.de<\/a> f\u00fcr Privat- und Gewerbekunden. Telefonischer Service durch INTEX Paketdienst GmbH.<\/td>\n<\/tr>\n<tr class=\"row-6\">\n\t<td class=\"column-1\">2019<\/td><td class=\"column-2\">Einf\u00fchrung des nationalen Versands f\u00fcr Waffen, Munition und Urnen \u00fcber <a href=\"https:\/\/www.optisend24.de\/\" target=\"_blank\">www.optisend24.de<\/a>.<\/td>\n<\/tr>\n<tr class=\"row-7\">\n\t<td class=\"column-1\">2025<\/td><td class=\"column-2\">Relaunch der Website.<\/td>\n<\/tr>\n<\/tbody>\n<\/table>\n<!-- #tablepress-1 from cache -->[\/vc_column_inner][\/vc_row_inner]<div class=\"vcex-spacing wpex-w-100 wpex-clear in-op-space-lg\"><\/div><div class=\"theme-button-wrap textcenter wpex-clr\"><a href=\"https:\/\/www.optisend24.de\/website\/shop.html\" class=\"vcex-button theme-button align-center inline\"><span class=\"vcex-button-inner theme-button-inner wpex-flex wpex-flex-wrap wpex-items-center wpex-justify-center\">Auftrag buchen<\/span><\/a><\/div> <div class=\"vcex-spacing wpex-w-100 wpex-clear in-op-space-lg\"><\/div>[\/vc_column][\/vc_row][vc_row remove_bottom_col_margin=&#8220;true&#8220; visibility=&#8220;hidden&#8220;][vc_column]<div class=\"vcex-spacing wpex-w-100 wpex-clear in-op-space-lg\"><\/div>[vc_row_inner equal_height=&#8220;yes&#8220; content_placement=&#8220;middle&#8220; remove_bottom_col_margin=&#8220;true&#8220;][vc_column_inner width=&#8220;1\/2&#8243; offset=&#8220;vc_col-lg-4&#8243;]<figure class=\"vcex-image vcex-module vcex-fill-column\"><div class=\"vcex-image-inner wpex-relative wpex-inline-block\"><img width=\"1600\" height=\"1600\" src=\"https:\/\/www.optisend24.de\/websitewp\/optisend24\/wp-content\/uploads\/sites\/2\/2025\/02\/Lieferwagen_Herbst.jpg\" class=\"vcex-image-img wpex-align-middle\" alt=\"Sicherer Versand\" loading=\"lazy\" decoding=\"async\" srcset=\"https:\/\/www.optisend24.de\/websitewp\/optisend24\/wp-content\/uploads\/sites\/2\/2025\/02\/Lieferwagen_Herbst.jpg 1600w, https:\/\/www.optisend24.de\/websitewp\/optisend24\/wp-content\/uploads\/sites\/2\/2025\/02\/Lieferwagen_Herbst-300x300.jpg 300w, https:\/\/www.optisend24.de\/websitewp\/optisend24\/wp-content\/uploads\/sites\/2\/2025\/02\/Lieferwagen_Herbst-1024x1024.jpg 1024w, https:\/\/www.optisend24.de\/websitewp\/optisend24\/wp-content\/uploads\/sites\/2\/2025\/02\/Lieferwagen_Herbst-150x150.jpg 150w, https:\/\/www.optisend24.de\/websitewp\/optisend24\/wp-content\/uploads\/sites\/2\/2025\/02\/Lieferwagen_Herbst-768x768.jpg 768w, https:\/\/www.optisend24.de\/websitewp\/optisend24\/wp-content\/uploads\/sites\/2\/2025\/02\/Lieferwagen_Herbst-1536x1536.jpg 1536w\" sizes=\"auto, (max-width: 1600px) 100vw, 1600px\" \/><\/div><\/figure>[\/vc_column_inner][vc_column_inner el_class=&#8220;core-values&#8220; width=&#8220;1\/2&#8243; css=&#8220;.vc_custom_1738053819259{background-color: #F6F4F1 !important;}&#8220; offset=&#8220;vc_col-lg-8&#8243;]<div class=\"vcex-module vcex-icon-box vcex-icon-box-one wpex-flex wpex-items-center wpex-text-left\"><div class=\"vcex-icon-box-symbol vcex-icon-box-symbol--image wpex-flex-shrink-0 wpex-mr-50\"><img width=\"54\" height=\"50\" src=\"https:\/\/www.optisend24.de\/websitewp\/optisend24\/wp-content\/uploads\/sites\/2\/2025\/02\/op-arrow-icon-2.svg\" class=\"vcex-icon-box-image wpex-align-middle\" alt=\"\" loading=\"lazy\" decoding=\"async\" \/><\/div><div class=\"vcex-icon-box-text wpex-flex-grow\"><h3 class=\"vcex-icon-box-heading wpex-h3 wpex-m-0\">Weltweiter Express-Versand<\/h3><div class=\"vcex-icon-box-content wpex-last-mb-0 wpex-clr wpex-mt-10\"><p>Sicherer Transport Ihrer zeitkritischen Sendungen.<\/p>\n<\/div><\/div><\/div><div class=\"vcex-module vcex-icon-box vcex-icon-box-one wpex-flex wpex-items-center wpex-text-left\"><div class=\"vcex-icon-box-symbol vcex-icon-box-symbol--image wpex-flex-shrink-0 wpex-mr-50\"><img width=\"54\" height=\"50\" src=\"https:\/\/www.optisend24.de\/websitewp\/optisend24\/wp-content\/uploads\/sites\/2\/2025\/02\/op-arrow-icon-2.svg\" class=\"vcex-icon-box-image wpex-align-middle\" alt=\"\" loading=\"lazy\" decoding=\"async\" \/><\/div><div class=\"vcex-icon-box-text wpex-flex-grow\"><h3 class=\"vcex-icon-box-heading wpex-h3 wpex-m-0\">Waffen- und Munitionsversand (1.4s)<\/h3><div class=\"vcex-icon-box-content wpex-last-mb-0 wpex-clr wpex-mt-10\"><p>Sicherer Express-Versand Ihrer Jagd- oder Sportwaffen, sowie Munition innerhalb Deutschlands.<\/p>\n<\/div><\/div><\/div><div class=\"vcex-module vcex-icon-box vcex-icon-box-one wpex-flex wpex-items-center wpex-text-left\"><div class=\"vcex-icon-box-symbol vcex-icon-box-symbol--image wpex-flex-shrink-0 wpex-mr-50\"><img width=\"54\" height=\"50\" src=\"https:\/\/www.optisend24.de\/websitewp\/optisend24\/wp-content\/uploads\/sites\/2\/2025\/02\/op-arrow-icon-2.svg\" class=\"vcex-icon-box-image wpex-align-middle\" alt=\"\" loading=\"lazy\" decoding=\"async\" \/><\/div><div class=\"vcex-icon-box-text wpex-flex-grow\"><h3 class=\"vcex-icon-box-heading wpex-h3 wpex-m-0\">Kostentransparenz<\/h3><div class=\"vcex-icon-box-content wpex-last-mb-0 wpex-clr wpex-mt-10\"><p>Wir berechnen keine Treibstoff- oder Mautzuschl\u00e4ge.<\/p>\n<\/div><\/div><\/div>[\/vc_column_inner][\/vc_row_inner]<div class=\"vcex-spacing wpex-w-100 wpex-clear in-op-space-lg\"><\/div><div class=\"theme-button-wrap textcenter wpex-clr\"><a href=\"https:\/\/www.optisend24.de\/website\/shop.html\" class=\"vcex-button theme-button align-center inline\"><span class=\"vcex-button-inner theme-button-inner wpex-flex wpex-flex-wrap wpex-items-center wpex-justify-center\">Auftrag buchen<\/span><\/a><\/div> <div class=\"vcex-spacing wpex-w-100 wpex-clear in-op-space-lg\"><\/div>[\/vc_column][\/vc_row][vc_row full_width=&#8220;stretch_row&#8220; remove_bottom_col_margin=&#8220;true&#8220; wpex_bg_overlay=&#8220;color&#8220; wpex_bg_overlay_blend=&#8220;multiply&#8220; wpex_bg_overlay_color=&#8220;#86826d&#8220; wpex_bg_overlay_opacity=&#8220;80%&#8220; css=&#8220;.vc_custom_1741779293152{background-image: url(https:\/\/www.optisend24.de\/websitewp\/optisend24\/wp-content\/uploads\/sites\/2\/2025\/03\/Optisend_Footer-02-scaled.jpg?id=392) !important;background-position: center !important;background-repeat: no-repeat !important;background-size: cover !important;}&#8220; el_class=&#8220;footer-contact-cta&#8220;][vc_column]<div class=\"vcex-spacing wpex-w-100 wpex-clear in-op-space-md\"><\/div>[vc_row_inner content_placement=&#8220;middle&#8220;][vc_column_inner width=&#8220;1\/4&#8243;][\/vc_column_inner][vc_column_inner width=&#8220;1\/2&#8243; css=&#8220;.vc_custom_1737897877892{padding-right: 60px !important;padding-left: 60px !important;}&#8220;][vc_column_text css=&#8220;&#8220;]\n<h2 style=\"text-align: center;\">Wir sind f\u00fcr Sie da.<\/h2>\n[\/vc_column_text]<div class=\"vcex-spacing wpex-w-100 wpex-clear\" style=\"height:40px;\"><\/div>[vc_column_text css=&#8220;&#8220; el_class=&#8220;highlight-text-sm&#8220;]\n<p style=\"text-align: center;\">Kontaktieren Sie uns jederzeit f\u00fcr eine Beratung oder ein individuelles Angebot.<\/p>\n[\/vc_column_text]<div class=\"vcex-spacing wpex-w-100 wpex-clear\" style=\"height:80px;\"><\/div><div class=\"theme-button-wrap textcenter wpex-clr\"><a href=\"https:\/\/www.optisend24.de\/websitewp\/optisend24\/kontakt\/\" class=\"vcex-button theme-button minimal-border align-center inline\"><span class=\"vcex-button-inner theme-button-inner wpex-flex wpex-flex-wrap wpex-items-center wpex-justify-center\">Kontakt<\/span><\/a><\/div> [\/vc_column_inner][vc_column_inner width=&#8220;1\/4&#8243;][\/vc_column_inner][\/vc_row_inner]<div class=\"vcex-spacing wpex-w-100 wpex-clear in-op-space-lg\"><\/div>[\/vc_column][\/vc_row]\n<\/div>","protected":false},"excerpt":{"rendered":"<p>[vc_row full_width=&#8220;stretch_row&#8220; css=&#8220;.vc_custom_1737987052637{background-color: #072F40 !important;background-position: center !important;background-repeat: no-repeat !important;background-size: cover !important;}&#8220; wpex_bg_position=&#8220;center top&#8220; el_class=&#8220;bg-fallback&#8220;][vc_column][\/vc_column][\/vc_row][vc_row css_animation=&#8220;none&#8220; full_width=&#8220;stretch_row&#8220; video_bg_center=&#8220;true&#8220; css=&#8220;.vc_custom_1742309294109{background: #072F40 url(https:\/\/www.optisend24.de\/websitewp\/optisend24\/wp-content\/uploads\/sites\/2\/2025\/03\/Biathlet_2_Intro-scaled.jpg?id=417) !important;}&#8220; el_class=&#8220;hero-top-row&#8220; video_bg=&#8220;self_hosted&#8220; wpex_bg_overlay=&#8220;custom&#8220; wpex_bg_overlay_blend=&#8220;multiply&#8220; wpex_bg_overlay_opacity=&#8220;90&#8243; wpex_bg_overlay_image=&#8220;369&#8243;][vc_column][vc_row_inner][vc_column_inner][vc_column_text css=&#8220;&#8220;] optisend24.de &#8211; mit Pr\u00e4zision an Ihrer Seite [\/vc_column_text][vc_column_text css=&#8220;.vc_custom_1742304760433{padding-top: 20px !important;}&#8220;] Zielgerichtet und fokussiert. [\/vc_column_text][\/vc_column_inner][\/vc_row_inner][\/vc_column][\/vc_row][vc_row css_animation=&#8220;none&#8220; full_width=&#8220;stretch_row&#8220; remove_bottom_col_margin=&#8220;true&#8220; css=&#8220;.vc_custom_1740658357398{background-image: url(https:\/\/www.optisend24.de\/websitewp\/optisend24\/wp-content\/uploads\/sites\/2\/2025\/02\/Optisend_Hero-iconBlock.svg?id=300) !important;background-position: center !important;background-repeat: no-repeat !important;background-size: cover !important;}&#8220;&hellip;<\/p>\n","protected":false},"author":1,"featured_media":0,"parent":0,"menu_order":0,"comment_status":"closed","ping_status":"closed","template":"","meta":{"footnotes":""},"class_list":["post-276","page","type-page","status-publish","hentry","entry","no-media"],"_links":{"self":[{"href":"https:\/\/www.optisend24.de\/websitewp\/optisend24\/wp-json\/wp\/v2\/pages\/276","targetHints":{"allow":["GET"]}}],"collection":[{"href":"https:\/\/www.optisend24.de\/websitewp\/optisend24\/wp-json\/wp\/v2\/pages"}],"about":[{"href":"https:\/\/www.optisend24.de\/websitewp\/optisend24\/wp-json\/wp\/v2\/types\/page"}],"author":[{"embeddable":true,"href":"https:\/\/www.optisend24.de\/websitewp\/optisend24\/wp-json\/wp\/v2\/users\/1"}],"replies":[{"embeddable":true,"href":"https:\/\/www.optisend24.de\/websitewp\/optisend24\/wp-json\/wp\/v2\/comments?post=276"}],"version-history":[{"count":48,"href":"https:\/\/www.optisend24.de\/websitewp\/optisend24\/wp-json\/wp\/v2\/pages\/276\/revisions"}],"predecessor-version":[{"id":600,"href":"https:\/\/www.optisend24.de\/websitewp\/optisend24\/wp-json\/wp\/v2\/pages\/276\/revisions\/600"}],"wp:attachment":[{"href":"https:\/\/www.optisend24.de\/websitewp\/optisend24\/wp-json\/wp\/v2\/media?parent=276"}],"curies":[{"name":"wp","href":"https:\/\/api.w.org\/{rel}","templated":true}]}}