{"id":200,"date":"2025-01-21T17:18:03","date_gmt":"2025-01-21T16:18:03","guid":{"rendered":"https:\/\/www.intex-paketdienst.de\/websitewp\/optisend24\/?page_id=200"},"modified":"2025-12-16T10:10:50","modified_gmt":"2025-12-16T09:10:50","slug":"impressum","status":"publish","type":"page","link":"https:\/\/www.optisend24.de\/websitewp\/optisend24\/impressum\/","title":{"rendered":"Impressum"},"content":{"rendered":"<div class=\"wpb-content-wrapper\">[vc_row][vc_column]<div class=\"vcex-spacing wpex-w-100 wpex-clear in-op-space-md\"><\/div>[vc_column_text css=&#8220;&#8220;]\n<h2>IMPRESSUM<\/h2>\n<h4 class=\"content\">Angaben gem\u00e4\u00df \u00a7 5 TMG:<\/h4>\n<p>optisend24.de GmbH<br \/>\nIn Bleiderdingen 4<br \/>\n55768 Hoppst\u00e4dten-Weiersbach<\/p>\n<h4>Gesch\u00e4ftsf\u00fchrerin:<\/h4>\n<p>Monika Losko<\/p>\n<h4>Kontakt:<\/h4>\n<p>Telefon: +49 (0) 6873 66 87 010<\/p>\n<p>E-Mail: \u00a0<a href=\"mailto:info@optisend24.de\">info@optisend24.de<\/a><\/p>\n<p>Weitere Mailadressen siehe unter <a href=\"https:\/\/www.optisend24.de\/websitewp\/optisend24\/kontakt\/\">Kontakt<\/a><\/p>\n<h4>Registereintrag:<\/h4>\n<p>Eintragung im Handelsregister<br \/>\nRegistergericht: Bad Kreuznach<br \/>\nRegisternummer: HRB 24922<\/p>\n<h4>Umsatzsteuer-ID:<\/h4>\n<p>Umsatzsteuer-Identifikationsnummer gem\u00e4\u00df \u00a727 a Umsatzsteuergesetz:<br \/>\nDE294433928<\/p>\n<h4>Aufsichtsbeh\u00f6rde:<\/h4>\n<p>Bundesamt f\u00fcr G\u00fcterverkehr (BAG)<\/p>\n<h4>Inhaltlich verantwortlich gem\u00e4\u00df\u00a0\u00a0\u00a7 55 Absatz 2 RStV:<\/h4>\n<p>Monika Losko<\/p>\n<p>Die Europ\u00e4ische Kommission stellt eine Plattform f\u00fcr die au\u00dfergerichtliche Online-Streitbeilegung (OS-Plattform) bereit, die unter\u00a0<a href=\"http:\/\/www.ec.europa.eu\/consumers\/odr\" target=\"_blank\" rel=\"noopener\">www.ec.europa.eu\/consumers\/odr<\/a>\u00a0aufrufbar ist. Unsere E-Mail-Adresse finden Sie in unserem Impressum. Wir sind weder verpflichtet noch bereit, an dem Streitschlichtungsverfahren teilzunehmen.<\/p>\n<p>Alle verwendeten Texte, Fotos und grafischen Gestaltungen dieser Internetpr\u00e4senz sind urheberrechtlich gesch\u00fctzt. Sofern Sie Teile verwenden wollen, wenden Sie sich bitte an den Seitenbetreiber. Er wird dann gegebenenfalls den Kontakt zum Urheber oder Nutzungsberechtigten herstellen.[\/vc_column_text]<div class=\"vcex-spacing wpex-w-100 wpex-clear in-op-space-md\"><\/div>[\/vc_column][\/vc_row]\n<\/div>","protected":false},"excerpt":{"rendered":"<p>[vc_row][vc_column][vc_column_text css=&#8220;&#8220;] IMPRESSUM Angaben gem\u00e4\u00df \u00a7 5 TMG: optisend24.de GmbH In Bleiderdingen 4 55768 Hoppst\u00e4dten-Weiersbach Gesch\u00e4ftsf\u00fchrerin: Monika Losko Kontakt: Telefon: +49 (0) 6873 66 87 010 E-Mail: \u00a0info@optisend24.de Weitere Mailadressen siehe unter Kontakt Registereintrag: Eintragung im Handelsregister Registergericht: Bad Kreuznach Registernummer: HRB 24922 Umsatzsteuer-ID: Umsatzsteuer-Identifikationsnummer gem\u00e4\u00df \u00a727 a Umsatzsteuergesetz: DE294433928 Aufsichtsbeh\u00f6rde: Bundesamt f\u00fcr G\u00fcterverkehr (BAG)&hellip;<\/p>\n","protected":false},"author":1,"featured_media":0,"parent":0,"menu_order":0,"comment_status":"closed","ping_status":"closed","template":"","meta":{"footnotes":""},"class_list":["post-200","page","type-page","status-publish","hentry","entry","no-media"],"_links":{"self":[{"href":"https:\/\/www.optisend24.de\/websitewp\/optisend24\/wp-json\/wp\/v2\/pages\/200","targetHints":{"allow":["GET"]}}],"collection":[{"href":"https:\/\/www.optisend24.de\/websitewp\/optisend24\/wp-json\/wp\/v2\/pages"}],"about":[{"href":"https:\/\/www.optisend24.de\/websitewp\/optisend24\/wp-json\/wp\/v2\/types\/page"}],"author":[{"embeddable":true,"href":"https:\/\/www.optisend24.de\/websitewp\/optisend24\/wp-json\/wp\/v2\/users\/1"}],"replies":[{"embeddable":true,"href":"https:\/\/www.optisend24.de\/websitewp\/optisend24\/wp-json\/wp\/v2\/comments?post=200"}],"version-history":[{"count":6,"href":"https:\/\/www.optisend24.de\/websitewp\/optisend24\/wp-json\/wp\/v2\/pages\/200\/revisions"}],"predecessor-version":[{"id":574,"href":"https:\/\/www.optisend24.de\/websitewp\/optisend24\/wp-json\/wp\/v2\/pages\/200\/revisions\/574"}],"wp:attachment":[{"href":"https:\/\/www.optisend24.de\/websitewp\/optisend24\/wp-json\/wp\/v2\/media?parent=200"}],"curies":[{"name":"wp","href":"https:\/\/api.w.org\/{rel}","templated":true}]}}